{"id":6,"date":"2015-08-26T10:42:07","date_gmt":"2015-08-26T10:42:07","guid":{"rendered":"http:\/\/mckomptech.nazwa.pl\/logos\/?page_id=6"},"modified":"2015-09-08T09:18:58","modified_gmt":"2015-09-08T09:18:58","slug":"o-firmie","status":"publish","type":"page","link":"https:\/\/logos-trans.pl\/?page_id=6","title":{"rendered":"O firmie"},"content":{"rendered":"<p><a href=\"http:\/\/mckomptech.nazwa.pl\/logos\/wp-content\/uploads\/2015\/08\/grafika2.png\"><img loading=\"lazy\" decoding=\"async\" class=\"alignnone size-full wp-image-25\" src=\"http:\/\/mckomptech.nazwa.pl\/logos\/wp-content\/uploads\/2015\/08\/grafika2.png\" alt=\"grafika2\" width=\"450\" height=\"253\" srcset=\"https:\/\/logos-trans.pl\/wp-content\/uploads\/2015\/08\/grafika2.png 450w, https:\/\/logos-trans.pl\/wp-content\/uploads\/2015\/08\/grafika2-300x169.png 300w\" sizes=\"(max-width: 450px) 85vw, 450px\" \/><\/a><\/p>\n<p>Zapewniamy kompleksow\u0105 obs\u0142ug\u0119 w transporcie drogowym zar\u00f3wno w imporcie jak i eksporcie na terenie UE. Jeste\u015bmy firm\u0105 solidn\u0105 i godn\u0105 zaufania. Gwarantujemy naszym klientom niezawodny, pewny i terminowy transport. Posiadany przez nas tabor jest systematycznie od\u015bwie\u017cany, aktualnie posiadamy nowe naczepy podkontenerowe, natomiast ci\u0105gniki siod\u0142owe nie s\u0105 starsze ni\u017c 3 letnie.<\/p>\n","protected":false},"excerpt":{"rendered":"<p>Zapewniamy kompleksow\u0105 obs\u0142ug\u0119 w transporcie drogowym zar\u00f3wno w imporcie jak i eksporcie na terenie UE. Jeste\u015bmy firm\u0105 solidn\u0105 i godn\u0105 zaufania. Gwarantujemy naszym klientom niezawodny, pewny i terminowy transport. Posiadany przez nas tabor jest systematycznie od\u015bwie\u017cany, aktualnie posiadamy nowe naczepy podkontenerowe, natomiast ci\u0105gniki siod\u0142owe nie s\u0105 starsze ni\u017c 3 letnie.<\/p>\n","protected":false},"author":1,"featured_media":0,"parent":0,"menu_order":0,"comment_status":"closed","ping_status":"closed","template":"","meta":{"footnotes":""},"_links":{"self":[{"href":"https:\/\/logos-trans.pl\/index.php?rest_route=\/wp\/v2\/pages\/6"}],"collection":[{"href":"https:\/\/logos-trans.pl\/index.php?rest_route=\/wp\/v2\/pages"}],"about":[{"href":"https:\/\/logos-trans.pl\/index.php?rest_route=\/wp\/v2\/types\/page"}],"author":[{"embeddable":true,"href":"https:\/\/logos-trans.pl\/index.php?rest_route=\/wp\/v2\/users\/1"}],"replies":[{"embeddable":true,"href":"https:\/\/logos-trans.pl\/index.php?rest_route=%2Fwp%2Fv2%2Fcomments&post=6"}],"version-history":[{"count":5,"href":"https:\/\/logos-trans.pl\/index.php?rest_route=\/wp\/v2\/pages\/6\/revisions"}],"predecessor-version":[{"id":51,"href":"https:\/\/logos-trans.pl\/index.php?rest_route=\/wp\/v2\/pages\/6\/revisions\/51"}],"wp:attachment":[{"href":"https:\/\/logos-trans.pl\/index.php?rest_route=%2Fwp%2Fv2%2Fmedia&parent=6"}],"curies":[{"name":"wp","href":"https:\/\/api.w.org\/{rel}","templated":true}]}}