{"id":2,"date":"2015-05-07T05:24:08","date_gmt":"2015-05-07T05:24:08","guid":{"rendered":"http:\/\/localhost\/wordpress\/?page_id=2"},"modified":"2015-09-08T09:18:07","modified_gmt":"2015-09-08T09:18:07","slug":"sample-page","status":"publish","type":"page","link":"https:\/\/logos-trans.pl\/","title":{"rendered":"Strona g\u0142\u00f3wna"},"content":{"rendered":"<p><img loading=\"lazy\" decoding=\"async\" class=\"alignnone size-full wp-image-20\" src=\"http:\/\/mckomptech.nazwa.pl\/logos\/wp-content\/uploads\/2015\/05\/grafika1.jpg\" alt=\"grafika1\" width=\"450\" height=\"253\" srcset=\"https:\/\/logos-trans.pl\/wp-content\/uploads\/2015\/05\/grafika1.jpg 450w, https:\/\/logos-trans.pl\/wp-content\/uploads\/2015\/05\/grafika1-300x169.jpg 300w\" sizes=\"(max-width: 450px) 85vw, 450px\" \/><\/p>\n<p>Logos-trans to \u015bwietnie rozwijaj\u0105ca si\u0119 firma transportowo-spedycyjna. Naszym zadaniem jest zapewnienie pe\u0142nej obs\u0142ugi w transporcie krajowym i mi\u0119dzynarodowym. Posiadamy doskonale wyspecjalizowan\u0105 kadr\u0119, kt\u00f3ra dok\u0142ada wszelkich stara\u0144, aby zadowoli\u0107 naszych klient\u00f3w w realizacji zlece\u0144. Dbaj\u0105c o bezpiecze\u0144stwo kierowc\u00f3w jaki i przewo\u017conych \u0142adunk\u00f3w posiadamy auta wyposa\u017cone w system nawigacji satelitarnej GPS. Wszystkie nasze pojazdy spe\u0142niaj\u0105 normy emisji spalin EURO5.<\/p>\n<p>&nbsp;<\/p>\n","protected":false},"excerpt":{"rendered":"<p>Logos-trans to \u015bwietnie rozwijaj\u0105ca si\u0119 firma transportowo-spedycyjna. Naszym zadaniem jest zapewnienie pe\u0142nej obs\u0142ugi w transporcie krajowym i mi\u0119dzynarodowym. Posiadamy doskonale wyspecjalizowan\u0105 kadr\u0119, kt\u00f3ra dok\u0142ada wszelkich stara\u0144, aby zadowoli\u0107 naszych klient\u00f3w w realizacji zlece\u0144. Dbaj\u0105c o bezpiecze\u0144stwo kierowc\u00f3w jaki i przewo\u017conych \u0142adunk\u00f3w posiadamy auta wyposa\u017cone w system nawigacji satelitarnej GPS. Wszystkie nasze pojazdy spe\u0142niaj\u0105 normy emisji &hellip; <a href=\"https:\/\/logos-trans.pl\/\" class=\"more-link\">Czytaj dalej<span class=\"screen-reader-text\"> Strona g\u0142\u00f3wna<\/span><\/a><\/p>\n","protected":false},"author":1,"featured_media":0,"parent":0,"menu_order":0,"comment_status":"open","ping_status":"open","template":"","meta":{"footnotes":""},"_links":{"self":[{"href":"https:\/\/logos-trans.pl\/index.php?rest_route=\/wp\/v2\/pages\/2"}],"collection":[{"href":"https:\/\/logos-trans.pl\/index.php?rest_route=\/wp\/v2\/pages"}],"about":[{"href":"https:\/\/logos-trans.pl\/index.php?rest_route=\/wp\/v2\/types\/page"}],"author":[{"embeddable":true,"href":"https:\/\/logos-trans.pl\/index.php?rest_route=\/wp\/v2\/users\/1"}],"replies":[{"embeddable":true,"href":"https:\/\/logos-trans.pl\/index.php?rest_route=%2Fwp%2Fv2%2Fcomments&post=2"}],"version-history":[{"count":5,"href":"https:\/\/logos-trans.pl\/index.php?rest_route=\/wp\/v2\/pages\/2\/revisions"}],"predecessor-version":[{"id":49,"href":"https:\/\/logos-trans.pl\/index.php?rest_route=\/wp\/v2\/pages\/2\/revisions\/49"}],"wp:attachment":[{"href":"https:\/\/logos-trans.pl\/index.php?rest_route=%2Fwp%2Fv2%2Fmedia&parent=2"}],"curies":[{"name":"wp","href":"https:\/\/api.w.org\/{rel}","templated":true}]}}