{"id":12,"date":"2015-08-26T10:42:27","date_gmt":"2015-08-26T10:42:27","guid":{"rendered":"http:\/\/mckomptech.nazwa.pl\/logos\/?page_id=12"},"modified":"2015-09-08T09:18:25","modified_gmt":"2015-09-08T09:18:25","slug":"oferta","status":"publish","type":"page","link":"https:\/\/logos-trans.pl\/?page_id=12","title":{"rendered":"Oferta"},"content":{"rendered":"<p>Przewozimy kontenery ka\u017cdego typu: 20\u2019,30\u2019,40\u2019,45\u2019. Wszystkie nasze naczepy kontenerowe maj\u0105 zsuwane podwozia. Zapewniamy transport kontener\u00f3w morskich pomi\u0119dzy wszystkimi europejskimi terminalami, transport kontener\u00f3w ka\u017cdego typu, transport kabota\u017cowy na terenie Niemiec. Zesp\u00f3\u0142 do\u015bwiadczonych kierowc\u00f3w dba o profesjonalne wykonanie us\u0142ug transportowych co daje gwarancj\u0119 zaufania i profesjonalizmu.<\/p>\n","protected":false},"excerpt":{"rendered":"<p>Przewozimy kontenery ka\u017cdego typu: 20\u2019,30\u2019,40\u2019,45\u2019. Wszystkie nasze naczepy kontenerowe maj\u0105 zsuwane podwozia. Zapewniamy transport kontener\u00f3w morskich pomi\u0119dzy wszystkimi europejskimi terminalami, transport kontener\u00f3w ka\u017cdego typu, transport kabota\u017cowy na terenie Niemiec. Zesp\u00f3\u0142 do\u015bwiadczonych kierowc\u00f3w dba o profesjonalne wykonanie us\u0142ug transportowych co daje gwarancj\u0119 zaufania i profesjonalizmu.<\/p>\n","protected":false},"author":1,"featured_media":0,"parent":0,"menu_order":0,"comment_status":"closed","ping_status":"closed","template":"","meta":{"footnotes":""},"_links":{"self":[{"href":"https:\/\/logos-trans.pl\/index.php?rest_route=\/wp\/v2\/pages\/12"}],"collection":[{"href":"https:\/\/logos-trans.pl\/index.php?rest_route=\/wp\/v2\/pages"}],"about":[{"href":"https:\/\/logos-trans.pl\/index.php?rest_route=\/wp\/v2\/types\/page"}],"author":[{"embeddable":true,"href":"https:\/\/logos-trans.pl\/index.php?rest_route=\/wp\/v2\/users\/1"}],"replies":[{"embeddable":true,"href":"https:\/\/logos-trans.pl\/index.php?rest_route=%2Fwp%2Fv2%2Fcomments&post=12"}],"version-history":[{"count":3,"href":"https:\/\/logos-trans.pl\/index.php?rest_route=\/wp\/v2\/pages\/12\/revisions"}],"predecessor-version":[{"id":50,"href":"https:\/\/logos-trans.pl\/index.php?rest_route=\/wp\/v2\/pages\/12\/revisions\/50"}],"wp:attachment":[{"href":"https:\/\/logos-trans.pl\/index.php?rest_route=%2Fwp%2Fv2%2Fmedia&parent=12"}],"curies":[{"name":"wp","href":"https:\/\/api.w.org\/{rel}","templated":true}]}}